{"id":2740,"date":"2025-05-21T06:37:13","date_gmt":"2025-05-21T06:37:13","guid":{"rendered":"https:\/\/aquapick.md\/?post_type=product&#038;p=2740"},"modified":"2025-05-22T07:08:42","modified_gmt":"2025-05-22T07:08:42","slug":"capete-detasabile-aq-208-2-buc","status":"publish","type":"product","link":"https:\/\/aquapick.md\/en\/produs\/capete-detasabile-aq-208-2-buc\/","title":{"rendered":"Capete deta\u0219abile AQ-208, 2 buc"},"content":{"rendered":"<div style=\"align-items: flex-start;background-color: #f7f0fa;padding: 30px;border-radius: 20px;font-family: 'Helvetica Neue', sans-serif;color: #3a3a3a;max-width: 1000px;margin: auto\">\n  <!-- Sec\u021biunea cu caracteristicile tehnice --><\/p>\n<div style=\"flex: 1;margin-right: 30px\">\n<h3 style=\"color: #2e2e2e;margin-bottom: 20px\">Caracteristici tehnice<\/h3>\n<div style=\"margin-bottom: 15px\">\n      <span style=\"font-weight: 600;margin-bottom: 5px\">Tip produs:<\/span><\/p>\n<div style=\"background-color: #ffffff;padding: 12px 15px;border-radius: 10px\">rezerv\u0103<\/div><\/div>\n<div style=\"margin-bottom: 15px\">\n      <span style=\"font-weight: 600;margin-bottom: 5px\">Utilizat pentru:<\/span><\/p>\n<div style=\"background-color: #ffffff;padding: 12px 15px;border-radius: 10px\">irigator bucal AQ-208<\/div><\/div>\n<div>\n      <span style=\"font-weight: 600;margin-bottom: 5px\">Num\u0103r buc\u0103\u021bi\/set:<\/span><\/p>\n<div style=\"background-color: #ffffff;padding: 12px 15px;border-radius: 10px\">2<\/div><\/div><\/div>\n<p>  <!-- Sec\u021biunea cu imaginea --><\/p>\n<div style=\"flex-shrink: 0\">\n    <img loading=\"lazy\" decoding=\"async\" src=\"https:\/\/aquapick.md\/wp-content\/uploads\/2025\/05\/Untitled-design-46-300x300.png\" alt=\"Rezerv\u0103 AQ-208\" width=\"300\" height=\"300\" style=\"border-radius: 15px\" \/>\n  <\/div>\n<\/div>\n","protected":false},"excerpt":{"rendered":"<p>Caracteristici tehnice Tip produs: rezerv\u0103 Utilizat pentru: irigator bucal AQ-208 Num\u0103r buc\u0103\u021bi\/set: 2<\/p>\n","protected":false},"featured_media":2744,"comment_status":"closed","ping_status":"closed","template":"","meta":{"_acf_changed":false},"product_brand":[],"product_cat":[25],"product_tag":[],"class_list":{"0":"post-2740","1":"product","2":"type-product","3":"status-publish","4":"has-post-thumbnail","6":"product_cat-accesorii","8":"first","9":"instock","10":"shipping-taxable","11":"purchasable","12":"product-type-simple"},"acf":[],"yoast_head":"<!-- This site is optimized with the Yoast SEO plugin v27.2 - https:\/\/yoast.com\/product\/yoast-seo-wordpress\/ -->\n<title>Capete deta\u0219abile AQ-208, 2 buc - Aquapick<\/title>\n<meta name=\"description\" content=\"Capete deta\u0219abile du\u0219 bucal Aquapik AQ-208. Rezerve pentru du\u0219ul bucal Aquapick AQ-208. Se recomand\u0103 a fi schimbate la fiecare 3 luni.\" \/>\n<meta name=\"robots\" content=\"index, follow, max-snippet:-1, max-image-preview:large, max-video-preview:-1\" \/>\n<link rel=\"canonical\" href=\"https:\/\/aquapick.md\/produs\/capete-detasabile-aq-208-2-buc\/\" \/>\n<meta property=\"og:locale\" content=\"en_US\" \/>\n<meta property=\"og:type\" content=\"article\" \/>\n<meta property=\"og:title\" content=\"Capete deta\u0219abile AQ-208, 2 buc - Aquapick\" \/>\n<meta property=\"og:description\" content=\"Capete deta\u0219abile du\u0219 bucal Aquapik AQ-208. Rezerve pentru du\u0219ul bucal Aquapick AQ-208. Se recomand\u0103 a fi schimbate la fiecare 3 luni.\" \/>\n<meta property=\"og:url\" content=\"https:\/\/aquapick.md\/produs\/capete-detasabile-aq-208-2-buc\/\" \/>\n<meta property=\"og:site_name\" content=\"Aquapick\" \/>\n<meta property=\"article:publisher\" content=\"https:\/\/www.facebook.com\/AquapickMoldova\" \/>\n<meta property=\"article:modified_time\" content=\"2025-05-22T07:08:42+00:00\" \/>\n<meta property=\"og:image\" content=\"https:\/\/aquapick.md\/wp-content\/uploads\/2025\/05\/Untitled-design-46.png\" \/>\n\t<meta property=\"og:image:width\" content=\"1080\" \/>\n\t<meta property=\"og:image:height\" content=\"1080\" \/>\n\t<meta property=\"og:image:type\" content=\"image\/png\" \/>\n<meta name=\"twitter:card\" content=\"summary_large_image\" \/>\n<meta name=\"twitter:label1\" content=\"Est. reading time\" \/>\n\t<meta name=\"twitter:data1\" content=\"1 minute\" \/>\n<script type=\"application\/ld+json\" class=\"yoast-schema-graph\">{\"@context\":\"https:\/\/schema.org\",\"@graph\":[{\"@type\":\"WebPage\",\"@id\":\"https:\/\/aquapick.md\/produs\/capete-detasabile-aq-208-2-buc\/\",\"url\":\"https:\/\/aquapick.md\/produs\/capete-detasabile-aq-208-2-buc\/\",\"name\":\"Capete deta\u0219abile AQ-208, 2 buc - Aquapick\",\"isPartOf\":{\"@id\":\"https:\/\/aquapick.md\/#website\"},\"primaryImageOfPage\":{\"@id\":\"https:\/\/aquapick.md\/produs\/capete-detasabile-aq-208-2-buc\/#primaryimage\"},\"image\":{\"@id\":\"https:\/\/aquapick.md\/produs\/capete-detasabile-aq-208-2-buc\/#primaryimage\"},\"thumbnailUrl\":\"https:\/\/aquapick.md\/wp-content\/uploads\/2025\/05\/Untitled-design-46.png\",\"datePublished\":\"2025-05-21T06:37:13+00:00\",\"dateModified\":\"2025-05-22T07:08:42+00:00\",\"description\":\"Capete deta\u0219abile du\u0219 bucal Aquapik AQ-208. Rezerve pentru du\u0219ul bucal Aquapick AQ-208. Se recomand\u0103 a fi schimbate la fiecare 3 luni.\",\"breadcrumb\":{\"@id\":\"https:\/\/aquapick.md\/produs\/capete-detasabile-aq-208-2-buc\/#breadcrumb\"},\"inLanguage\":\"en-US\",\"potentialAction\":[{\"@type\":\"ReadAction\",\"target\":[\"https:\/\/aquapick.md\/produs\/capete-detasabile-aq-208-2-buc\/\"]}]},{\"@type\":\"ImageObject\",\"inLanguage\":\"en-US\",\"@id\":\"https:\/\/aquapick.md\/produs\/capete-detasabile-aq-208-2-buc\/#primaryimage\",\"url\":\"https:\/\/aquapick.md\/wp-content\/uploads\/2025\/05\/Untitled-design-46.png\",\"contentUrl\":\"https:\/\/aquapick.md\/wp-content\/uploads\/2025\/05\/Untitled-design-46.png\",\"width\":1080,\"height\":1080},{\"@type\":\"BreadcrumbList\",\"@id\":\"https:\/\/aquapick.md\/produs\/capete-detasabile-aq-208-2-buc\/#breadcrumb\",\"itemListElement\":[{\"@type\":\"ListItem\",\"position\":1,\"name\":\"Home\",\"item\":\"https:\/\/aquapick.md\/en\/\"},{\"@type\":\"ListItem\",\"position\":2,\"name\":\"Catalog produse\",\"item\":\"https:\/\/aquapick.md\/catalog-produse\/\"},{\"@type\":\"ListItem\",\"position\":3,\"name\":\"Capete deta\u0219abile AQ-208, 2 buc\"}]},{\"@type\":\"WebSite\",\"@id\":\"https:\/\/aquapick.md\/#website\",\"url\":\"https:\/\/aquapick.md\/\",\"name\":\"Aquapick\",\"description\":\"Sistem avansat de \u00eengrijire oral\u0103\",\"publisher\":{\"@id\":\"https:\/\/aquapick.md\/#organization\"},\"potentialAction\":[{\"@type\":\"SearchAction\",\"target\":{\"@type\":\"EntryPoint\",\"urlTemplate\":\"https:\/\/aquapick.md\/?s={search_term_string}\"},\"query-input\":{\"@type\":\"PropertyValueSpecification\",\"valueRequired\":true,\"valueName\":\"search_term_string\"}}],\"inLanguage\":\"en-US\"},{\"@type\":\"Organization\",\"@id\":\"https:\/\/aquapick.md\/#organization\",\"name\":\"Aquapick\",\"url\":\"https:\/\/aquapick.md\/\",\"logo\":{\"@type\":\"ImageObject\",\"inLanguage\":\"en-US\",\"@id\":\"https:\/\/aquapick.md\/#\/schema\/logo\/image\/\",\"url\":\"https:\/\/aquapick.md\/wp-content\/uploads\/2023\/06\/logo-aquapick-blue-png.png\",\"contentUrl\":\"https:\/\/aquapick.md\/wp-content\/uploads\/2023\/06\/logo-aquapick-blue-png.png\",\"width\":4501,\"height\":4500,\"caption\":\"Aquapick\"},\"image\":{\"@id\":\"https:\/\/aquapick.md\/#\/schema\/logo\/image\/\"},\"sameAs\":[\"https:\/\/www.facebook.com\/AquapickMoldova\"]}]}<\/script>\n<!-- \/ Yoast SEO plugin. -->","yoast_head_json":{"title":"Capete deta\u0219abile AQ-208, 2 buc - Aquapick","description":"Capete deta\u0219abile du\u0219 bucal Aquapik AQ-208. Rezerve pentru du\u0219ul bucal Aquapick AQ-208. Se recomand\u0103 a fi schimbate la fiecare 3 luni.","robots":{"index":"index","follow":"follow","max-snippet":"max-snippet:-1","max-image-preview":"max-image-preview:large","max-video-preview":"max-video-preview:-1"},"canonical":"https:\/\/aquapick.md\/produs\/capete-detasabile-aq-208-2-buc\/","og_locale":"en_US","og_type":"article","og_title":"Capete deta\u0219abile AQ-208, 2 buc - Aquapick","og_description":"Capete deta\u0219abile du\u0219 bucal Aquapik AQ-208. Rezerve pentru du\u0219ul bucal Aquapick AQ-208. Se recomand\u0103 a fi schimbate la fiecare 3 luni.","og_url":"https:\/\/aquapick.md\/produs\/capete-detasabile-aq-208-2-buc\/","og_site_name":"Aquapick","article_publisher":"https:\/\/www.facebook.com\/AquapickMoldova","article_modified_time":"2025-05-22T07:08:42+00:00","og_image":[{"width":1080,"height":1080,"url":"https:\/\/aquapick.md\/wp-content\/uploads\/2025\/05\/Untitled-design-46.png","type":"image\/png"}],"twitter_card":"summary_large_image","twitter_misc":{"Est. reading time":"1 minute"},"schema":{"@context":"https:\/\/schema.org","@graph":[{"@type":"WebPage","@id":"https:\/\/aquapick.md\/produs\/capete-detasabile-aq-208-2-buc\/","url":"https:\/\/aquapick.md\/produs\/capete-detasabile-aq-208-2-buc\/","name":"Capete deta\u0219abile AQ-208, 2 buc - Aquapick","isPartOf":{"@id":"https:\/\/aquapick.md\/#website"},"primaryImageOfPage":{"@id":"https:\/\/aquapick.md\/produs\/capete-detasabile-aq-208-2-buc\/#primaryimage"},"image":{"@id":"https:\/\/aquapick.md\/produs\/capete-detasabile-aq-208-2-buc\/#primaryimage"},"thumbnailUrl":"https:\/\/aquapick.md\/wp-content\/uploads\/2025\/05\/Untitled-design-46.png","datePublished":"2025-05-21T06:37:13+00:00","dateModified":"2025-05-22T07:08:42+00:00","description":"Capete deta\u0219abile du\u0219 bucal Aquapik AQ-208. Rezerve pentru du\u0219ul bucal Aquapick AQ-208. Se recomand\u0103 a fi schimbate la fiecare 3 luni.","breadcrumb":{"@id":"https:\/\/aquapick.md\/produs\/capete-detasabile-aq-208-2-buc\/#breadcrumb"},"inLanguage":"en-US","potentialAction":[{"@type":"ReadAction","target":["https:\/\/aquapick.md\/produs\/capete-detasabile-aq-208-2-buc\/"]}]},{"@type":"ImageObject","inLanguage":"en-US","@id":"https:\/\/aquapick.md\/produs\/capete-detasabile-aq-208-2-buc\/#primaryimage","url":"https:\/\/aquapick.md\/wp-content\/uploads\/2025\/05\/Untitled-design-46.png","contentUrl":"https:\/\/aquapick.md\/wp-content\/uploads\/2025\/05\/Untitled-design-46.png","width":1080,"height":1080},{"@type":"BreadcrumbList","@id":"https:\/\/aquapick.md\/produs\/capete-detasabile-aq-208-2-buc\/#breadcrumb","itemListElement":[{"@type":"ListItem","position":1,"name":"Home","item":"https:\/\/aquapick.md\/en\/"},{"@type":"ListItem","position":2,"name":"Catalog produse","item":"https:\/\/aquapick.md\/catalog-produse\/"},{"@type":"ListItem","position":3,"name":"Capete deta\u0219abile AQ-208, 2 buc"}]},{"@type":"WebSite","@id":"https:\/\/aquapick.md\/#website","url":"https:\/\/aquapick.md\/","name":"Aquapick","description":"Sistem avansat de \u00eengrijire oral\u0103","publisher":{"@id":"https:\/\/aquapick.md\/#organization"},"potentialAction":[{"@type":"SearchAction","target":{"@type":"EntryPoint","urlTemplate":"https:\/\/aquapick.md\/?s={search_term_string}"},"query-input":{"@type":"PropertyValueSpecification","valueRequired":true,"valueName":"search_term_string"}}],"inLanguage":"en-US"},{"@type":"Organization","@id":"https:\/\/aquapick.md\/#organization","name":"Aquapick","url":"https:\/\/aquapick.md\/","logo":{"@type":"ImageObject","inLanguage":"en-US","@id":"https:\/\/aquapick.md\/#\/schema\/logo\/image\/","url":"https:\/\/aquapick.md\/wp-content\/uploads\/2023\/06\/logo-aquapick-blue-png.png","contentUrl":"https:\/\/aquapick.md\/wp-content\/uploads\/2023\/06\/logo-aquapick-blue-png.png","width":4501,"height":4500,"caption":"Aquapick"},"image":{"@id":"https:\/\/aquapick.md\/#\/schema\/logo\/image\/"},"sameAs":["https:\/\/www.facebook.com\/AquapickMoldova"]}]}},"_links":{"self":[{"href":"https:\/\/aquapick.md\/en\/wp-json\/wp\/v2\/product\/2740","targetHints":{"allow":["GET"]}}],"collection":[{"href":"https:\/\/aquapick.md\/en\/wp-json\/wp\/v2\/product"}],"about":[{"href":"https:\/\/aquapick.md\/en\/wp-json\/wp\/v2\/types\/product"}],"replies":[{"embeddable":true,"href":"https:\/\/aquapick.md\/en\/wp-json\/wp\/v2\/comments?post=2740"}],"wp:featuredmedia":[{"embeddable":true,"href":"https:\/\/aquapick.md\/en\/wp-json\/wp\/v2\/media\/2744"}],"wp:attachment":[{"href":"https:\/\/aquapick.md\/en\/wp-json\/wp\/v2\/media?parent=2740"}],"wp:term":[{"taxonomy":"product_brand","embeddable":true,"href":"https:\/\/aquapick.md\/en\/wp-json\/wp\/v2\/product_brand?post=2740"},{"taxonomy":"product_cat","embeddable":true,"href":"https:\/\/aquapick.md\/en\/wp-json\/wp\/v2\/product_cat?post=2740"},{"taxonomy":"product_tag","embeddable":true,"href":"https:\/\/aquapick.md\/en\/wp-json\/wp\/v2\/product_tag?post=2740"}],"curies":[{"name":"wp","href":"https:\/\/api.w.org\/{rel}","templated":true}]}}