{"id":1224,"date":"2023-04-20T11:58:58","date_gmt":"2023-04-20T11:58:58","guid":{"rendered":"https:\/\/aquapick.md\/produs\/periuta-de-dinti-cu-fire-de-argint-negru\/"},"modified":"2024-05-28T15:45:40","modified_gmt":"2024-05-28T15:45:40","slug":"silver-toothbrush-black","status":"publish","type":"product","link":"https:\/\/aquapick.md\/en\/product\/silver-toothbrush-black\/","title":{"rendered":"Silver Toothbrush, SET of 4 pcs"},"content":{"rendered":"<div class=\"wpb-content-wrapper\"><p>[vc_row el_class=&#8221;site-row-p100x&#8221; el_id=&#8221;description&#8221;][vc_column]<div class=\"info-block\">\n                    <div class=\"info-block-holder\">\n                        <div class=\"site-row site-align-center\">\n                            <div class=\"site-col-6\">\n                                <div class=\"info-block-content\">\n                                    <h3>Silver Toothbrush<\/h3><p>Aquapick Toothbrush Silver is an advanced toothbrush containing silver component of 99.9% purity and having its strong antibacterial effect proven.<\/p>\n<p>These silver particles are used to help remove dental plaque and food debris from the spaces between teeth. It is known that water in contact with silver creates negatively charged silver ions that have a natural and continuous antibacterial effect, thereby destroying microbes. It is recommended primarily for patients who have recently undergone surgery, as well as for those with inflamed or bleeding gums, and for individuals who are mindful of proper oral hygiene, as they can help remove bacteria more effectively that cause these issues.<\/p>\n<p>It is important to consult a dentist before using a silver particle toothbrush to ensure that it is suitable for your dental needs and conditions.<\/p>\n\n                                <\/div>\n                            <\/div>\n                            <div class=\"site-col-6\">\n                                <div class=\"info-block-image\">\n                                    <img decoding=\"async\" src=\"https:\/\/aquapick.md\/wp-content\/uploads\/2023\/04\/periuta_dentara.jpg\" class=\"img-fluid\" alt=\"ula\">\n                                <\/div>\n                            <\/div>\n                        <\/div>\n                    <\/div>\n                <\/div>  [\/vc_column][\/vc_row][vc_row el_id=&#8221;specs&#8221;][vc_column]<div class=\"product-specifications\">\n                    <h2>Technical Specifications<\/h2>\n                    <div class=\"product-specifications-holder\">\n                        <div class=\"site-row site-align-center\">\n                            <div class=\"site-col-6\">\n                                <div class=\"product-specifications-table\">\n                                <ul>\n                                    <li class=\"odd\"><strong>Product Type:<\/strong><span>Toothbrush<\/span><\/li><li class=\"even\"><strong>Set:<\/strong><span>Yes<\/span><\/li><li class=\"odd\"><strong>Bristle Hardness:<\/strong><span>Soft<\/span><\/li><li class=\"even\"><strong>Number of Pieces in Set:<\/strong><span>4<\/span><\/li><li class=\"odd\"><strong>Color:<\/strong><span>White, Black<\/span><\/li>\n                                <\/ul>\n                                <p><\/p>\n                                <\/div>\n                            <\/div>\n                            <div class=\"site-col-6\">\n                                <div class=\"product-specifications-image\">\n                                    <img decoding=\"async\" src=\"https:\/\/aquapick.md\/wp-content\/uploads\/2023\/04\/periuta_dentara_specificatii.png\" class=\"img-fluid\" alt=\"\">\n                                <\/div>\n                            <\/div>\n                        <\/div>\n                    <\/div>\n                <\/div>[\/vc_column][\/vc_row]<\/p>\n<\/div>","protected":false},"excerpt":{"rendered":"<p>[vc_row el_class=&#8221;site-row-p100x&#8221; el_id=&#8221;description&#8221;][vc_column][\/vc_column][\/vc_row][vc_row el_id=&#8221;specs&#8221;][vc_column][\/vc_column][\/vc_row]<\/p>\n","protected":false},"featured_media":1160,"comment_status":"open","ping_status":"closed","template":"","meta":{"_acf_changed":false},"product_brand":[],"product_cat":[90],"product_tag":[126],"class_list":{"0":"post-1224","1":"product","2":"type-product","3":"status-publish","4":"has-post-thumbnail","6":"product_cat-accessories","7":"product_tag-black","8":"pa_destinatie-dupa-varsta-pentru-adulti-en","10":"first","11":"instock","12":"shipping-taxable","13":"purchasable","14":"product-type-simple"},"acf":[],"yoast_head":"<!-- This site is optimized with the Yoast SEO plugin v27.2 - https:\/\/yoast.com\/product\/yoast-seo-wordpress\/ -->\n<title>Periu\u021b\u0103 de din\u021bi cu particule de argint Aquapick<\/title>\n<meta name=\"description\" content=\"Periu\u021b\u0103 de din\u021bi cu particule de argint Aquapick, cu un efect puternic antibacterian, contribuie la \u00eendep\u0103rtarea pl\u0103cii dentare \u0219i microbilor.\" \/>\n<meta name=\"robots\" content=\"index, follow, max-snippet:-1, max-image-preview:large, max-video-preview:-1\" \/>\n<link rel=\"canonical\" href=\"https:\/\/aquapick.md\/en\/product\/silver-toothbrush-black\/\" \/>\n<meta property=\"og:locale\" content=\"en_US\" \/>\n<meta property=\"og:type\" content=\"article\" \/>\n<meta property=\"og:title\" content=\"Periu\u021b\u0103 de din\u021bi cu particule de argint Aquapick\" \/>\n<meta property=\"og:description\" content=\"Periu\u021b\u0103 de din\u021bi cu particule de argint Aquapick, cu un efect puternic antibacterian, contribuie la \u00eendep\u0103rtarea pl\u0103cii dentare \u0219i microbilor.\" \/>\n<meta property=\"og:url\" content=\"https:\/\/aquapick.md\/en\/product\/silver-toothbrush-black\/\" \/>\n<meta property=\"og:site_name\" content=\"Aquapick\" \/>\n<meta property=\"article:publisher\" content=\"https:\/\/www.facebook.com\/AquapickMoldova\" \/>\n<meta property=\"article:modified_time\" content=\"2024-05-28T15:45:40+00:00\" \/>\n<meta property=\"og:image\" content=\"https:\/\/aquapick.md\/wp-content\/uploads\/2023\/04\/periuta_fon_2.jpg\" \/>\n\t<meta property=\"og:image:width\" content=\"1000\" \/>\n\t<meta property=\"og:image:height\" content=\"1000\" \/>\n\t<meta property=\"og:image:type\" content=\"image\/jpeg\" \/>\n<meta name=\"twitter:card\" content=\"summary_large_image\" \/>\n<meta name=\"twitter:label1\" content=\"Est. reading time\" \/>\n\t<meta name=\"twitter:data1\" content=\"2 minutes\" \/>\n<script type=\"application\/ld+json\" class=\"yoast-schema-graph\">{\"@context\":\"https:\/\/schema.org\",\"@graph\":[{\"@type\":\"WebPage\",\"@id\":\"https:\/\/aquapick.md\/en\/product\/silver-toothbrush-black\/\",\"url\":\"https:\/\/aquapick.md\/en\/product\/silver-toothbrush-black\/\",\"name\":\"Periu\u021b\u0103 de din\u021bi cu particule de argint Aquapick\",\"isPartOf\":{\"@id\":\"https:\/\/aquapick.md\/#website\"},\"primaryImageOfPage\":{\"@id\":\"https:\/\/aquapick.md\/en\/product\/silver-toothbrush-black\/#primaryimage\"},\"image\":{\"@id\":\"https:\/\/aquapick.md\/en\/product\/silver-toothbrush-black\/#primaryimage\"},\"thumbnailUrl\":\"https:\/\/aquapick.md\/wp-content\/uploads\/2023\/04\/periuta_fon_2.jpg\",\"datePublished\":\"2023-04-20T11:58:58+00:00\",\"dateModified\":\"2024-05-28T15:45:40+00:00\",\"description\":\"Periu\u021b\u0103 de din\u021bi cu particule de argint Aquapick, cu un efect puternic antibacterian, contribuie la \u00eendep\u0103rtarea pl\u0103cii dentare \u0219i microbilor.\",\"breadcrumb\":{\"@id\":\"https:\/\/aquapick.md\/en\/product\/silver-toothbrush-black\/#breadcrumb\"},\"inLanguage\":\"en-US\",\"potentialAction\":[{\"@type\":\"ReadAction\",\"target\":[\"https:\/\/aquapick.md\/en\/product\/silver-toothbrush-black\/\"]}]},{\"@type\":\"ImageObject\",\"inLanguage\":\"en-US\",\"@id\":\"https:\/\/aquapick.md\/en\/product\/silver-toothbrush-black\/#primaryimage\",\"url\":\"https:\/\/aquapick.md\/wp-content\/uploads\/2023\/04\/periuta_fon_2.jpg\",\"contentUrl\":\"https:\/\/aquapick.md\/wp-content\/uploads\/2023\/04\/periuta_fon_2.jpg\",\"width\":1000,\"height\":1000},{\"@type\":\"BreadcrumbList\",\"@id\":\"https:\/\/aquapick.md\/en\/product\/silver-toothbrush-black\/#breadcrumb\",\"itemListElement\":[{\"@type\":\"ListItem\",\"position\":1,\"name\":\"Home\",\"item\":\"https:\/\/aquapick.md\/en\/\"},{\"@type\":\"ListItem\",\"position\":2,\"name\":\"Catalog produse\",\"item\":\"https:\/\/aquapick.md\/catalog-produse\/\"},{\"@type\":\"ListItem\",\"position\":3,\"name\":\"Silver Toothbrush, SET of 4 pcs\"}]},{\"@type\":\"WebSite\",\"@id\":\"https:\/\/aquapick.md\/#website\",\"url\":\"https:\/\/aquapick.md\/\",\"name\":\"Aquapick\",\"description\":\"Sistem avansat de \u00eengrijire oral\u0103\",\"publisher\":{\"@id\":\"https:\/\/aquapick.md\/#organization\"},\"potentialAction\":[{\"@type\":\"SearchAction\",\"target\":{\"@type\":\"EntryPoint\",\"urlTemplate\":\"https:\/\/aquapick.md\/?s={search_term_string}\"},\"query-input\":{\"@type\":\"PropertyValueSpecification\",\"valueRequired\":true,\"valueName\":\"search_term_string\"}}],\"inLanguage\":\"en-US\"},{\"@type\":\"Organization\",\"@id\":\"https:\/\/aquapick.md\/#organization\",\"name\":\"Aquapick\",\"url\":\"https:\/\/aquapick.md\/\",\"logo\":{\"@type\":\"ImageObject\",\"inLanguage\":\"en-US\",\"@id\":\"https:\/\/aquapick.md\/#\/schema\/logo\/image\/\",\"url\":\"https:\/\/aquapick.md\/wp-content\/uploads\/2023\/06\/logo-aquapick-blue-png.png\",\"contentUrl\":\"https:\/\/aquapick.md\/wp-content\/uploads\/2023\/06\/logo-aquapick-blue-png.png\",\"width\":4501,\"height\":4500,\"caption\":\"Aquapick\"},\"image\":{\"@id\":\"https:\/\/aquapick.md\/#\/schema\/logo\/image\/\"},\"sameAs\":[\"https:\/\/www.facebook.com\/AquapickMoldova\"]}]}<\/script>\n<!-- \/ Yoast SEO plugin. -->","yoast_head_json":{"title":"Periu\u021b\u0103 de din\u021bi cu particule de argint Aquapick","description":"Periu\u021b\u0103 de din\u021bi cu particule de argint Aquapick, cu un efect puternic antibacterian, contribuie la \u00eendep\u0103rtarea pl\u0103cii dentare \u0219i microbilor.","robots":{"index":"index","follow":"follow","max-snippet":"max-snippet:-1","max-image-preview":"max-image-preview:large","max-video-preview":"max-video-preview:-1"},"canonical":"https:\/\/aquapick.md\/en\/product\/silver-toothbrush-black\/","og_locale":"en_US","og_type":"article","og_title":"Periu\u021b\u0103 de din\u021bi cu particule de argint Aquapick","og_description":"Periu\u021b\u0103 de din\u021bi cu particule de argint Aquapick, cu un efect puternic antibacterian, contribuie la \u00eendep\u0103rtarea pl\u0103cii dentare \u0219i microbilor.","og_url":"https:\/\/aquapick.md\/en\/product\/silver-toothbrush-black\/","og_site_name":"Aquapick","article_publisher":"https:\/\/www.facebook.com\/AquapickMoldova","article_modified_time":"2024-05-28T15:45:40+00:00","og_image":[{"width":1000,"height":1000,"url":"https:\/\/aquapick.md\/wp-content\/uploads\/2023\/04\/periuta_fon_2.jpg","type":"image\/jpeg"}],"twitter_card":"summary_large_image","twitter_misc":{"Est. reading time":"2 minutes"},"schema":{"@context":"https:\/\/schema.org","@graph":[{"@type":"WebPage","@id":"https:\/\/aquapick.md\/en\/product\/silver-toothbrush-black\/","url":"https:\/\/aquapick.md\/en\/product\/silver-toothbrush-black\/","name":"Periu\u021b\u0103 de din\u021bi cu particule de argint Aquapick","isPartOf":{"@id":"https:\/\/aquapick.md\/#website"},"primaryImageOfPage":{"@id":"https:\/\/aquapick.md\/en\/product\/silver-toothbrush-black\/#primaryimage"},"image":{"@id":"https:\/\/aquapick.md\/en\/product\/silver-toothbrush-black\/#primaryimage"},"thumbnailUrl":"https:\/\/aquapick.md\/wp-content\/uploads\/2023\/04\/periuta_fon_2.jpg","datePublished":"2023-04-20T11:58:58+00:00","dateModified":"2024-05-28T15:45:40+00:00","description":"Periu\u021b\u0103 de din\u021bi cu particule de argint Aquapick, cu un efect puternic antibacterian, contribuie la \u00eendep\u0103rtarea pl\u0103cii dentare \u0219i microbilor.","breadcrumb":{"@id":"https:\/\/aquapick.md\/en\/product\/silver-toothbrush-black\/#breadcrumb"},"inLanguage":"en-US","potentialAction":[{"@type":"ReadAction","target":["https:\/\/aquapick.md\/en\/product\/silver-toothbrush-black\/"]}]},{"@type":"ImageObject","inLanguage":"en-US","@id":"https:\/\/aquapick.md\/en\/product\/silver-toothbrush-black\/#primaryimage","url":"https:\/\/aquapick.md\/wp-content\/uploads\/2023\/04\/periuta_fon_2.jpg","contentUrl":"https:\/\/aquapick.md\/wp-content\/uploads\/2023\/04\/periuta_fon_2.jpg","width":1000,"height":1000},{"@type":"BreadcrumbList","@id":"https:\/\/aquapick.md\/en\/product\/silver-toothbrush-black\/#breadcrumb","itemListElement":[{"@type":"ListItem","position":1,"name":"Home","item":"https:\/\/aquapick.md\/en\/"},{"@type":"ListItem","position":2,"name":"Catalog produse","item":"https:\/\/aquapick.md\/catalog-produse\/"},{"@type":"ListItem","position":3,"name":"Silver Toothbrush, SET of 4 pcs"}]},{"@type":"WebSite","@id":"https:\/\/aquapick.md\/#website","url":"https:\/\/aquapick.md\/","name":"Aquapick","description":"Sistem avansat de \u00eengrijire oral\u0103","publisher":{"@id":"https:\/\/aquapick.md\/#organization"},"potentialAction":[{"@type":"SearchAction","target":{"@type":"EntryPoint","urlTemplate":"https:\/\/aquapick.md\/?s={search_term_string}"},"query-input":{"@type":"PropertyValueSpecification","valueRequired":true,"valueName":"search_term_string"}}],"inLanguage":"en-US"},{"@type":"Organization","@id":"https:\/\/aquapick.md\/#organization","name":"Aquapick","url":"https:\/\/aquapick.md\/","logo":{"@type":"ImageObject","inLanguage":"en-US","@id":"https:\/\/aquapick.md\/#\/schema\/logo\/image\/","url":"https:\/\/aquapick.md\/wp-content\/uploads\/2023\/06\/logo-aquapick-blue-png.png","contentUrl":"https:\/\/aquapick.md\/wp-content\/uploads\/2023\/06\/logo-aquapick-blue-png.png","width":4501,"height":4500,"caption":"Aquapick"},"image":{"@id":"https:\/\/aquapick.md\/#\/schema\/logo\/image\/"},"sameAs":["https:\/\/www.facebook.com\/AquapickMoldova"]}]}},"_links":{"self":[{"href":"https:\/\/aquapick.md\/en\/wp-json\/wp\/v2\/product\/1224","targetHints":{"allow":["GET"]}}],"collection":[{"href":"https:\/\/aquapick.md\/en\/wp-json\/wp\/v2\/product"}],"about":[{"href":"https:\/\/aquapick.md\/en\/wp-json\/wp\/v2\/types\/product"}],"replies":[{"embeddable":true,"href":"https:\/\/aquapick.md\/en\/wp-json\/wp\/v2\/comments?post=1224"}],"wp:featuredmedia":[{"embeddable":true,"href":"https:\/\/aquapick.md\/en\/wp-json\/wp\/v2\/media\/1160"}],"wp:attachment":[{"href":"https:\/\/aquapick.md\/en\/wp-json\/wp\/v2\/media?parent=1224"}],"wp:term":[{"taxonomy":"product_brand","embeddable":true,"href":"https:\/\/aquapick.md\/en\/wp-json\/wp\/v2\/product_brand?post=1224"},{"taxonomy":"product_cat","embeddable":true,"href":"https:\/\/aquapick.md\/en\/wp-json\/wp\/v2\/product_cat?post=1224"},{"taxonomy":"product_tag","embeddable":true,"href":"https:\/\/aquapick.md\/en\/wp-json\/wp\/v2\/product_tag?post=1224"}],"curies":[{"name":"wp","href":"https:\/\/api.w.org\/{rel}","templated":true}]}}