{"id":1217,"date":"2023-04-20T13:10:14","date_gmt":"2023-04-20T10:10:14","guid":{"rendered":"https:\/\/aquapick.md\/produs\/pastile-efervescente-aquapick-pentru-curatarea-irigatorului\/"},"modified":"2025-08-15T12:07:11","modified_gmt":"2025-08-15T09:07:11","slug":"aquapick-aq-10-effervescent-tablets-for-oral-irrigator-cleaning","status":"publish","type":"product","link":"https:\/\/aquapick.md\/en\/product\/aquapick-aq-10-effervescent-tablets-for-oral-irrigator-cleaning\/","title":{"rendered":"Aquapick AQ-10 Effervescent Tablets for Oral Irrigator Cleaning"},"content":{"rendered":"<div class=\"wpb-content-wrapper\"><p>[vc_row el_class=&#8221;site-row-pt100x site-row-pb70x&#8221; el_id=&#8221;description&#8221;][vc_column]<div class=\"info-block\">\n                    <div class=\"info-block-holder\">\n                        <div class=\"site-row site-align-center\">\n                            <div class=\"site-col-6\">\n                                <div class=\"info-block-content\">\n                                    <h3>Aquapick Effervescent Tablets<\/h3><p>Aquapick AQ-10 Effervescent Tablets for oral irrigator cleaning are special tablets that dissolve in water and can be used to clean and disinfect the reservoir and channels of an oral irrigator. These tablets contain ingredients that help remove bacterial plaque, tartar, and food residues that can accumulate inside the oral irrigator.<\/p>\n<p>It is recommended to use these effervescent tablets from two to four times per month to maintain a clean and disinfected oral irrigator. It is important to follow the instructions for use to avoid damaging the irrigator or other issues.<\/p>\n<p>&nbsp;<\/p>\n<p>Usage Instructions for Aquapick Effervescent Tablets:<\/p>\n<p>&nbsp;<\/p>\n<ul>\n<li>Fill the oral irrigator with water (200-600 ml) and add one Aquapick effervescent cleaning tablet. Wait until the tablet is completely dissolved (approximately 3 minutes).<\/li>\n<li>Turn on the oral irrigator and place the detachable tip into the water reservoir. Circulate the cleaning solution for 1 minute by pressing the switch button on the handle.<\/li>\n<li>Turn off the oral irrigator and let the solution sit for an additional 5 minutes for effective cleaning.<\/li>\n<li>Empty the entire cleaning solution from the reservoir. Refill with clean water and turn on the oral irrigator to rinse it.<\/li>\n<li>Rinse the oral irrigator 1-2 times. Direct the tip into the sink to let the water flow out.<\/li>\n<\/ul>\n<p>Repeat the procedure 2-4 times per month.<\/p>\n\n                                <\/div>\n                            <\/div>\n                            <div class=\"site-col-6\">\n                                <div class=\"info-block-image\">\n                                    <img decoding=\"async\" src=\"https:\/\/aquapick.md\/wp-content\/uploads\/2023\/04\/pastile-curatire.jpg\" class=\"img-fluid\" alt=\"Pastile efervescente Aquapick pentru curatarea dusului bucalula\">\n                                <\/div>\n                            <\/div>\n                        <\/div>\n                    <\/div>\n                <\/div>  [\/vc_column][\/vc_row][vc_row full_width=&#8221;stretch_row&#8221; disable_element=&#8221;yes&#8221; css=&#8221;.vc_custom_1687168534799{background-color: #f7f8fb !important;}&#8221; el_class=&#8221;site-row-p100x&#8221; el_id=&#8221;instructions&#8221;][vc_column]<div class=\"site-heading text-left site-heading-dark\"><h2>Mod de utilizare<\/h2><\/div>[vc_empty_space height=&#8221;15px&#8221;]<div class=\"site-heading text-left site-heading-dark\"><p>Procedura se efectueaz\u0103 \u00eentre 2 \u2013 4 ori pe lun\u0103.<\/p><\/div><div class=\"instructions-of-use\">\n                    <div class=\"site-row\"><div class=\"site-col-3\">\n\t\t\t\t\t<div class=\"instructions-item\">\n                        <div class=\"item-counter\"><span>1<\/span><\/div>\n                        <figure>\n\t\t\t\t\t        <img decoding=\"async\" src=\"https:\/\/aquapick.md\/wp-content\/uploads\/2023\/03\/aq-350-gallery_2.jpg\" class=\"img-fluid\" alt=\"\">\n                        <\/figure>\n\t\t\t\t\t    <h4>Pasul 1: Umple\u021bi irigatorul<\/h4>\n\t\t\t\t\t    <p>Umple\u021bi irigatorul cu ap\u0103 (200-600 ml) \u0219i pune\u021bi o pastil\u0103 efervescent\u0103 de cur\u0103\u021bare Aquapick. A\u0219tepta\u021bi p\u00e2n\u0103 c\u00e2nd pastila este complet dizolvat\u0103 (aproximativ 3 minute).<\/p>\n\t\t\t\t\t<\/div>\n\t\t\t\t<\/div><div class=\"site-col-3\">\n\t\t\t\t\t<div class=\"instructions-item\">\n                        <div class=\"item-counter\"><span>2<\/span><\/div>\n                        <figure>\n\t\t\t\t\t        <img decoding=\"async\" src=\"https:\/\/aquapick.md\/wp-content\/uploads\/2023\/03\/aq-350-gallery_2.jpg\" class=\"img-fluid\" alt=\"\">\n                        <\/figure>\n\t\t\t\t\t    <h4>Pasul 2: Porni\u021bi irigatorul<\/h4>\n\t\t\t\t\t    <p>Porni\u021bi irigatorul \u0219i pune\u021bi cap\u0103tul deta\u0219abil \u00een rezervorul de ap\u0103. Circula\u021bi solu\u021bia de cur\u0103\u021bare timp de 1 minut prin ridicarea butonului de comutare de pe m\u00e2ner.<\/p>\n\t\t\t\t\t<\/div>\n\t\t\t\t<\/div><div class=\"site-col-3\">\n\t\t\t\t\t<div class=\"instructions-item\">\n                        <div class=\"item-counter\"><span>3<\/span><\/div>\n                        <figure>\n\t\t\t\t\t        <img decoding=\"async\" src=\"https:\/\/aquapick.md\/wp-content\/uploads\/2023\/03\/aq-350-gallery_2.jpg\" class=\"img-fluid\" alt=\"\">\n                        <\/figure>\n\t\t\t\t\t    <h4>Pasul 3: Porni\u021bi irigatorul<\/h4>\n\t\t\t\t\t    <p>Opri\u021bi irigatorul \u0219i l\u0103sa\u021bi solu\u021bia \u00eenc\u0103 5 minute pentru o cur\u0103\u021bare eficient\u0103.<\/p>\n\t\t\t\t\t<\/div>\n\t\t\t\t<\/div><div class=\"site-col-3\">\n\t\t\t\t\t<div class=\"instructions-item\">\n                        <div class=\"item-counter\"><span>4<\/span><\/div>\n                        <figure>\n\t\t\t\t\t        <img decoding=\"async\" src=\"https:\/\/aquapick.md\/wp-content\/uploads\/2023\/03\/aq-350-gallery_2.jpg\" class=\"img-fluid\" alt=\"\">\n                        <\/figure>\n\t\t\t\t\t    <h4>Pasul 4: Goli\u021bi toat\u0103 solu\u021bia<\/h4>\n\t\t\t\t\t    <p>Goli\u021bi toat\u0103 solu\u021bia de cur\u0103\u021bare din rezervor. Umple\u021bi cu ap\u0103 curat\u0103 \u0219i porni\u021bi irigatorul pentru a-l cl\u0103ti.<\/p>\n\t\t\t\t\t<\/div>\n\t\t\t\t<\/div><div class=\"site-col-3\">\n\t\t\t\t\t<div class=\"instructions-item\">\n                        <div class=\"item-counter\"><span>5<\/span><\/div>\n                        <figure>\n\t\t\t\t\t        <img decoding=\"async\" src=\"https:\/\/aquapick.md\/wp-content\/uploads\/2023\/03\/aq-350-gallery_2.jpg\" class=\"img-fluid\" alt=\"\">\n                        <\/figure>\n\t\t\t\t\t    <h4>Pasul 5: Cl\u0103ti\u021bi irigatorul<\/h4>\n\t\t\t\t\t    <p>Cl\u0103ti\u021bi irigatorul de 1-2 ori. \u00cendrepta\u021bi v\u00e2rful \u00een chiuvet\u0103, astfel \u00eenc\u00e2t apa s\u0103 curg\u0103 din ea.<\/p>\n\t\t\t\t\t<\/div>\n\t\t\t\t<\/div><\/div>\n                <\/div>[\/vc_column][vc_column][\/vc_column][\/vc_row][vc_row][vc_column][\/vc_column][\/vc_row][vc_row el_id=&#8221;specs&#8221; el_class=&#8221;site-row-pt100x&#8221;][vc_column]<div class=\"product-specifications\">\n                    <h2>Technical Specifications<\/h2>\n                    <div class=\"product-specifications-holder\">\n                        <div class=\"site-row site-align-center\">\n                            <div class=\"site-col-6\">\n                                <div class=\"product-specifications-table\">\n                                <ul>\n                                    <li class=\"odd\"><strong>Product Type:<\/strong><span>Complementary product<\/span><\/li><li class=\"even\"><strong>Used for:<\/strong><span>Oral irrigator<\/span><\/li><li class=\"odd\"><strong>Number of tablets per set:<\/strong><span>12 pieces<\/span><\/li>\n                                <\/ul>\n                                <p><\/p>\n                                <\/div>\n                            <\/div>\n                            <div class=\"site-col-6\">\n                                <div class=\"product-specifications-image\">\n                                    <img decoding=\"async\" src=\"https:\/\/aquapick.md\/wp-content\/uploads\/2023\/04\/pastile-curatire-specificatii.png\" class=\"img-fluid\" alt=\"\">\n                                <\/div>\n                            <\/div>\n                        <\/div>\n                    <\/div>\n                <\/div>[\/vc_column][\/vc_row]<\/p>\n<\/div>","protected":false},"excerpt":{"rendered":"<p>[vc_row el_class=&#8221;site-row-pt100x site-row-pb70x&#8221; el_id=&#8221;description&#8221;][vc_column][\/vc_column][\/vc_row][vc_row full_width=&#8221;stretch_row&#8221; disable_element=&#8221;yes&#8221; css=&#8221;.vc_custom_1687168534799{background-color: #f7f8fb !important;}&#8221; el_class=&#8221;site-row-p100x&#8221; el_id=&#8221;instructions&#8221;][vc_column][vc_empty_space height=&#8221;15px&#8221;][\/vc_column][vc_column][\/vc_column][\/vc_row][vc_row][vc_column][\/vc_column][\/vc_row][vc_row el_id=&#8221;specs&#8221; el_class=&#8221;site-row-pt100x&#8221;][vc_column][\/vc_column][\/vc_row]<\/p>\n","protected":false},"featured_media":1088,"comment_status":"open","ping_status":"closed","template":"","meta":{"_acf_changed":false},"product_brand":[],"product_cat":[90],"product_tag":[],"class_list":{"0":"post-1217","1":"product","2":"type-product","3":"status-publish","4":"has-post-thumbnail","6":"product_cat-accessories","7":"pa_destinatie-dupa-varsta-pentru-adulti-en","9":"first","10":"outofstock","11":"shipping-taxable","12":"purchasable","13":"product-type-simple"},"acf":[],"yoast_head":"<!-- This site is optimized with the Yoast SEO plugin v27.2 - https:\/\/yoast.com\/product\/yoast-seo-wordpress\/ -->\n<title>Pastile efervescente Aquapick pentru cur\u0103\u021barea du\u0219ului bucal.<\/title>\n<meta name=\"description\" content=\"Pastile efervescente Aquapick pentru cur\u0103\u021barea du\u0219ului bucal. Dezinfecteaz\u0103 rezervorul \u0219i canalele dispozitivului o dat\u0103 la 7 zile.\" \/>\n<meta name=\"robots\" content=\"index, follow, max-snippet:-1, max-image-preview:large, max-video-preview:-1\" \/>\n<link rel=\"canonical\" href=\"https:\/\/aquapick.md\/en\/product\/aquapick-aq-10-effervescent-tablets-for-oral-irrigator-cleaning\/\" \/>\n<meta property=\"og:locale\" content=\"en_US\" \/>\n<meta property=\"og:type\" content=\"article\" \/>\n<meta property=\"og:title\" content=\"Pastile efervescente Aquapick pentru cur\u0103\u021barea du\u0219ului bucal.\" \/>\n<meta property=\"og:description\" content=\"Pastile efervescente Aquapick pentru cur\u0103\u021barea du\u0219ului bucal. Dezinfecteaz\u0103 rezervorul \u0219i canalele dispozitivului o dat\u0103 la 7 zile.\" \/>\n<meta property=\"og:url\" content=\"https:\/\/aquapick.md\/en\/product\/aquapick-aq-10-effervescent-tablets-for-oral-irrigator-cleaning\/\" \/>\n<meta property=\"og:site_name\" content=\"Aquapick\" \/>\n<meta property=\"article:publisher\" content=\"https:\/\/www.facebook.com\/AquapickMoldova\" \/>\n<meta property=\"article:modified_time\" content=\"2025-08-15T09:07:11+00:00\" \/>\n<meta property=\"og:image\" content=\"https:\/\/aquapick.md\/wp-content\/uploads\/2023\/04\/pastile-curatire.jpg\" \/>\n\t<meta property=\"og:image:width\" content=\"2200\" \/>\n\t<meta property=\"og:image:height\" content=\"1467\" \/>\n\t<meta property=\"og:image:type\" content=\"image\/jpeg\" \/>\n<meta name=\"twitter:card\" content=\"summary_large_image\" \/>\n<meta name=\"twitter:label1\" content=\"Est. reading time\" \/>\n\t<meta name=\"twitter:data1\" content=\"3 minutes\" \/>\n<script type=\"application\/ld+json\" class=\"yoast-schema-graph\">{\"@context\":\"https:\/\/schema.org\",\"@graph\":[{\"@type\":\"WebPage\",\"@id\":\"https:\/\/aquapick.md\/en\/product\/aquapick-aq-10-effervescent-tablets-for-oral-irrigator-cleaning\/\",\"url\":\"https:\/\/aquapick.md\/en\/product\/aquapick-aq-10-effervescent-tablets-for-oral-irrigator-cleaning\/\",\"name\":\"Pastile efervescente Aquapick pentru cur\u0103\u021barea du\u0219ului bucal.\",\"isPartOf\":{\"@id\":\"https:\/\/aquapick.md\/#website\"},\"primaryImageOfPage\":{\"@id\":\"https:\/\/aquapick.md\/en\/product\/aquapick-aq-10-effervescent-tablets-for-oral-irrigator-cleaning\/#primaryimage\"},\"image\":{\"@id\":\"https:\/\/aquapick.md\/en\/product\/aquapick-aq-10-effervescent-tablets-for-oral-irrigator-cleaning\/#primaryimage\"},\"thumbnailUrl\":\"https:\/\/aquapick.md\/wp-content\/uploads\/2023\/04\/pastile-curatire.jpg\",\"datePublished\":\"2023-04-20T10:10:14+00:00\",\"dateModified\":\"2025-08-15T09:07:11+00:00\",\"description\":\"Pastile efervescente Aquapick pentru cur\u0103\u021barea du\u0219ului bucal. Dezinfecteaz\u0103 rezervorul \u0219i canalele dispozitivului o dat\u0103 la 7 zile.\",\"breadcrumb\":{\"@id\":\"https:\/\/aquapick.md\/en\/product\/aquapick-aq-10-effervescent-tablets-for-oral-irrigator-cleaning\/#breadcrumb\"},\"inLanguage\":\"en-US\",\"potentialAction\":[{\"@type\":\"ReadAction\",\"target\":[\"https:\/\/aquapick.md\/en\/product\/aquapick-aq-10-effervescent-tablets-for-oral-irrigator-cleaning\/\"]}]},{\"@type\":\"ImageObject\",\"inLanguage\":\"en-US\",\"@id\":\"https:\/\/aquapick.md\/en\/product\/aquapick-aq-10-effervescent-tablets-for-oral-irrigator-cleaning\/#primaryimage\",\"url\":\"https:\/\/aquapick.md\/wp-content\/uploads\/2023\/04\/pastile-curatire.jpg\",\"contentUrl\":\"https:\/\/aquapick.md\/wp-content\/uploads\/2023\/04\/pastile-curatire.jpg\",\"width\":2200,\"height\":1467},{\"@type\":\"BreadcrumbList\",\"@id\":\"https:\/\/aquapick.md\/en\/product\/aquapick-aq-10-effervescent-tablets-for-oral-irrigator-cleaning\/#breadcrumb\",\"itemListElement\":[{\"@type\":\"ListItem\",\"position\":1,\"name\":\"Home\",\"item\":\"https:\/\/aquapick.md\/en\/\"},{\"@type\":\"ListItem\",\"position\":2,\"name\":\"Catalog produse\",\"item\":\"https:\/\/aquapick.md\/catalog-produse\/\"},{\"@type\":\"ListItem\",\"position\":3,\"name\":\"Aquapick AQ-10 Effervescent Tablets for Oral Irrigator Cleaning\"}]},{\"@type\":\"WebSite\",\"@id\":\"https:\/\/aquapick.md\/#website\",\"url\":\"https:\/\/aquapick.md\/\",\"name\":\"Aquapick\",\"description\":\"Sistem avansat de \u00eengrijire oral\u0103\",\"publisher\":{\"@id\":\"https:\/\/aquapick.md\/#organization\"},\"potentialAction\":[{\"@type\":\"SearchAction\",\"target\":{\"@type\":\"EntryPoint\",\"urlTemplate\":\"https:\/\/aquapick.md\/?s={search_term_string}\"},\"query-input\":{\"@type\":\"PropertyValueSpecification\",\"valueRequired\":true,\"valueName\":\"search_term_string\"}}],\"inLanguage\":\"en-US\"},{\"@type\":\"Organization\",\"@id\":\"https:\/\/aquapick.md\/#organization\",\"name\":\"Aquapick\",\"url\":\"https:\/\/aquapick.md\/\",\"logo\":{\"@type\":\"ImageObject\",\"inLanguage\":\"en-US\",\"@id\":\"https:\/\/aquapick.md\/#\/schema\/logo\/image\/\",\"url\":\"https:\/\/aquapick.md\/wp-content\/uploads\/2023\/06\/logo-aquapick-blue-png.png\",\"contentUrl\":\"https:\/\/aquapick.md\/wp-content\/uploads\/2023\/06\/logo-aquapick-blue-png.png\",\"width\":4501,\"height\":4500,\"caption\":\"Aquapick\"},\"image\":{\"@id\":\"https:\/\/aquapick.md\/#\/schema\/logo\/image\/\"},\"sameAs\":[\"https:\/\/www.facebook.com\/AquapickMoldova\"]}]}<\/script>\n<!-- \/ Yoast SEO plugin. -->","yoast_head_json":{"title":"Pastile efervescente Aquapick pentru cur\u0103\u021barea du\u0219ului bucal.","description":"Pastile efervescente Aquapick pentru cur\u0103\u021barea du\u0219ului bucal. Dezinfecteaz\u0103 rezervorul \u0219i canalele dispozitivului o dat\u0103 la 7 zile.","robots":{"index":"index","follow":"follow","max-snippet":"max-snippet:-1","max-image-preview":"max-image-preview:large","max-video-preview":"max-video-preview:-1"},"canonical":"https:\/\/aquapick.md\/en\/product\/aquapick-aq-10-effervescent-tablets-for-oral-irrigator-cleaning\/","og_locale":"en_US","og_type":"article","og_title":"Pastile efervescente Aquapick pentru cur\u0103\u021barea du\u0219ului bucal.","og_description":"Pastile efervescente Aquapick pentru cur\u0103\u021barea du\u0219ului bucal. Dezinfecteaz\u0103 rezervorul \u0219i canalele dispozitivului o dat\u0103 la 7 zile.","og_url":"https:\/\/aquapick.md\/en\/product\/aquapick-aq-10-effervescent-tablets-for-oral-irrigator-cleaning\/","og_site_name":"Aquapick","article_publisher":"https:\/\/www.facebook.com\/AquapickMoldova","article_modified_time":"2025-08-15T09:07:11+00:00","og_image":[{"width":2200,"height":1467,"url":"https:\/\/aquapick.md\/wp-content\/uploads\/2023\/04\/pastile-curatire.jpg","type":"image\/jpeg"}],"twitter_card":"summary_large_image","twitter_misc":{"Est. reading time":"3 minutes"},"schema":{"@context":"https:\/\/schema.org","@graph":[{"@type":"WebPage","@id":"https:\/\/aquapick.md\/en\/product\/aquapick-aq-10-effervescent-tablets-for-oral-irrigator-cleaning\/","url":"https:\/\/aquapick.md\/en\/product\/aquapick-aq-10-effervescent-tablets-for-oral-irrigator-cleaning\/","name":"Pastile efervescente Aquapick pentru cur\u0103\u021barea du\u0219ului bucal.","isPartOf":{"@id":"https:\/\/aquapick.md\/#website"},"primaryImageOfPage":{"@id":"https:\/\/aquapick.md\/en\/product\/aquapick-aq-10-effervescent-tablets-for-oral-irrigator-cleaning\/#primaryimage"},"image":{"@id":"https:\/\/aquapick.md\/en\/product\/aquapick-aq-10-effervescent-tablets-for-oral-irrigator-cleaning\/#primaryimage"},"thumbnailUrl":"https:\/\/aquapick.md\/wp-content\/uploads\/2023\/04\/pastile-curatire.jpg","datePublished":"2023-04-20T10:10:14+00:00","dateModified":"2025-08-15T09:07:11+00:00","description":"Pastile efervescente Aquapick pentru cur\u0103\u021barea du\u0219ului bucal. Dezinfecteaz\u0103 rezervorul \u0219i canalele dispozitivului o dat\u0103 la 7 zile.","breadcrumb":{"@id":"https:\/\/aquapick.md\/en\/product\/aquapick-aq-10-effervescent-tablets-for-oral-irrigator-cleaning\/#breadcrumb"},"inLanguage":"en-US","potentialAction":[{"@type":"ReadAction","target":["https:\/\/aquapick.md\/en\/product\/aquapick-aq-10-effervescent-tablets-for-oral-irrigator-cleaning\/"]}]},{"@type":"ImageObject","inLanguage":"en-US","@id":"https:\/\/aquapick.md\/en\/product\/aquapick-aq-10-effervescent-tablets-for-oral-irrigator-cleaning\/#primaryimage","url":"https:\/\/aquapick.md\/wp-content\/uploads\/2023\/04\/pastile-curatire.jpg","contentUrl":"https:\/\/aquapick.md\/wp-content\/uploads\/2023\/04\/pastile-curatire.jpg","width":2200,"height":1467},{"@type":"BreadcrumbList","@id":"https:\/\/aquapick.md\/en\/product\/aquapick-aq-10-effervescent-tablets-for-oral-irrigator-cleaning\/#breadcrumb","itemListElement":[{"@type":"ListItem","position":1,"name":"Home","item":"https:\/\/aquapick.md\/en\/"},{"@type":"ListItem","position":2,"name":"Catalog produse","item":"https:\/\/aquapick.md\/catalog-produse\/"},{"@type":"ListItem","position":3,"name":"Aquapick AQ-10 Effervescent Tablets for Oral Irrigator Cleaning"}]},{"@type":"WebSite","@id":"https:\/\/aquapick.md\/#website","url":"https:\/\/aquapick.md\/","name":"Aquapick","description":"Sistem avansat de \u00eengrijire oral\u0103","publisher":{"@id":"https:\/\/aquapick.md\/#organization"},"potentialAction":[{"@type":"SearchAction","target":{"@type":"EntryPoint","urlTemplate":"https:\/\/aquapick.md\/?s={search_term_string}"},"query-input":{"@type":"PropertyValueSpecification","valueRequired":true,"valueName":"search_term_string"}}],"inLanguage":"en-US"},{"@type":"Organization","@id":"https:\/\/aquapick.md\/#organization","name":"Aquapick","url":"https:\/\/aquapick.md\/","logo":{"@type":"ImageObject","inLanguage":"en-US","@id":"https:\/\/aquapick.md\/#\/schema\/logo\/image\/","url":"https:\/\/aquapick.md\/wp-content\/uploads\/2023\/06\/logo-aquapick-blue-png.png","contentUrl":"https:\/\/aquapick.md\/wp-content\/uploads\/2023\/06\/logo-aquapick-blue-png.png","width":4501,"height":4500,"caption":"Aquapick"},"image":{"@id":"https:\/\/aquapick.md\/#\/schema\/logo\/image\/"},"sameAs":["https:\/\/www.facebook.com\/AquapickMoldova"]}]}},"_links":{"self":[{"href":"https:\/\/aquapick.md\/en\/wp-json\/wp\/v2\/product\/1217","targetHints":{"allow":["GET"]}}],"collection":[{"href":"https:\/\/aquapick.md\/en\/wp-json\/wp\/v2\/product"}],"about":[{"href":"https:\/\/aquapick.md\/en\/wp-json\/wp\/v2\/types\/product"}],"replies":[{"embeddable":true,"href":"https:\/\/aquapick.md\/en\/wp-json\/wp\/v2\/comments?post=1217"}],"wp:featuredmedia":[{"embeddable":true,"href":"https:\/\/aquapick.md\/en\/wp-json\/wp\/v2\/media\/1088"}],"wp:attachment":[{"href":"https:\/\/aquapick.md\/en\/wp-json\/wp\/v2\/media?parent=1217"}],"wp:term":[{"taxonomy":"product_brand","embeddable":true,"href":"https:\/\/aquapick.md\/en\/wp-json\/wp\/v2\/product_brand?post=1217"},{"taxonomy":"product_cat","embeddable":true,"href":"https:\/\/aquapick.md\/en\/wp-json\/wp\/v2\/product_cat?post=1217"},{"taxonomy":"product_tag","embeddable":true,"href":"https:\/\/aquapick.md\/en\/wp-json\/wp\/v2\/product_tag?post=1217"}],"curies":[{"name":"wp","href":"https:\/\/api.w.org\/{rel}","templated":true}]}}